{"id":63641,"date":"2023-01-16T18:27:07","date_gmt":"2023-01-16T17:27:07","guid":{"rendered":"https:\/\/www.geektrip.ma\/trip\/?post_type=product&#038;p=63641"},"modified":"2023-05-06T06:24:11","modified_gmt":"2023-05-06T05:24:11","slug":"ascension-du-kilimanjaro-5895m-en-tanzanie","status":"publish","type":"product","link":"https:\/\/www.geektrip.ma\/trip\/produit\/ascension-du-kilimanjaro-5895m-en-tanzanie\/","title":{"rendered":"Ascension du Kilimanjaro (5895m) en Tanzanie"},"content":{"rendered":"","protected":false},"excerpt":{"rendered":"<p>GEEKTRIP vous accompagne durant cette magnifique aventure, avec l\u2019assistance d\u2019une \u00e9quipe professionnelle de guides, porteurs, cuisiniers\u2026 pour vous faire vivre une exp\u00e9rience que vous ne serez pas pr\u00eat \u00e0 oublier.<br \/>\n<a class=\"btn-programme\" href=\"https:\/\/www.geektrip.ma\/trip\/tour\/ascension-du-kilimanjaro-5895m\/\"><button class=\"btn\">Revenir au programme<\/button><\/a><\/p>\n","protected":false},"featured_media":63608,"comment_status":"open","ping_status":"closed","template":"","meta":[],"product_cat":[85,81],"product_tag":[],"class_list":{"0":"post-63641","1":"product","2":"type-product","3":"status-publish","4":"has-post-thumbnail","6":"product_cat-experience","7":"product_cat-voyages","9":"first","10":"instock","11":"virtual","12":"sold-individually","13":"purchasable","14":"product-type-booking"},"yoast_head":"<!-- This site is optimized with the Yoast SEO plugin v23.2 - https:\/\/yoast.com\/wordpress\/plugins\/seo\/ -->\n<title>Ascension du Kilimanjaro (5895m) en Tanzanie - GEEKTRIP<\/title>\n<meta name=\"robots\" content=\"index, follow, max-snippet:-1, max-image-preview:large, max-video-preview:-1\" \/>\n<link rel=\"canonical\" href=\"https:\/\/www.geektrip.ma\/trip\/produit\/ascension-du-kilimanjaro-5895m-en-tanzanie\/\" \/>\n<meta property=\"og:locale\" content=\"fr_FR\" \/>\n<meta property=\"og:type\" content=\"article\" \/>\n<meta property=\"og:title\" content=\"Ascension du Kilimanjaro (5895m) en Tanzanie - GEEKTRIP\" \/>\n<meta property=\"og:description\" content=\"GEEKTRIP vous accompagne durant cette magnifique aventure, avec l\u2019assistance d\u2019une \u00e9quipe professionnelle de guides, porteurs, cuisiniers\u2026 pour vous faire vivre une exp\u00e9rience que vous ne serez pas pr\u00eat \u00e0 oublier. Revenir au programme\" \/>\n<meta property=\"og:url\" content=\"https:\/\/www.geektrip.ma\/trip\/produit\/ascension-du-kilimanjaro-5895m-en-tanzanie\/\" \/>\n<meta property=\"og:site_name\" content=\"GEEKTRIP\" \/>\n<meta property=\"article:publisher\" content=\"http:\/\/www.facebook.com\/geektrip.ma\" \/>\n<meta property=\"article:modified_time\" content=\"2023-05-06T05:24:11+00:00\" \/>\n<meta property=\"og:image\" content=\"https:\/\/www.geektrip.ma\/trip\/wp-content\/uploads\/2023\/01\/43506481792_bfb588233d_k.jpg?v=1673830841\" \/>\n\t<meta property=\"og:image:width\" content=\"2048\" \/>\n\t<meta property=\"og:image:height\" content=\"1365\" \/>\n\t<meta property=\"og:image:type\" content=\"image\/jpeg\" \/>\n<meta name=\"twitter:card\" content=\"summary_large_image\" \/>\n<script type=\"application\/ld+json\" class=\"yoast-schema-graph\">{\"@context\":\"https:\/\/schema.org\",\"@graph\":[{\"@type\":\"WebPage\",\"@id\":\"https:\/\/www.geektrip.ma\/trip\/produit\/ascension-du-kilimanjaro-5895m-en-tanzanie\/\",\"url\":\"https:\/\/www.geektrip.ma\/trip\/produit\/ascension-du-kilimanjaro-5895m-en-tanzanie\/\",\"name\":\"Ascension du Kilimanjaro (5895m) en Tanzanie - GEEKTRIP\",\"isPartOf\":{\"@id\":\"https:\/\/www.geektrip.ma\/trip\/#website\"},\"primaryImageOfPage\":{\"@id\":\"https:\/\/www.geektrip.ma\/trip\/produit\/ascension-du-kilimanjaro-5895m-en-tanzanie\/#primaryimage\"},\"image\":{\"@id\":\"https:\/\/www.geektrip.ma\/trip\/produit\/ascension-du-kilimanjaro-5895m-en-tanzanie\/#primaryimage\"},\"thumbnailUrl\":\"https:\/\/www.geektrip.ma\/trip\/wp-content\/uploads\/2023\/01\/43506481792_bfb588233d_k.jpg?v=1673830841\",\"datePublished\":\"2023-01-16T17:27:07+00:00\",\"dateModified\":\"2023-05-06T05:24:11+00:00\",\"breadcrumb\":{\"@id\":\"https:\/\/www.geektrip.ma\/trip\/produit\/ascension-du-kilimanjaro-5895m-en-tanzanie\/#breadcrumb\"},\"inLanguage\":\"fr-FR\",\"potentialAction\":[{\"@type\":\"ReadAction\",\"target\":[\"https:\/\/www.geektrip.ma\/trip\/produit\/ascension-du-kilimanjaro-5895m-en-tanzanie\/\"]}]},{\"@type\":\"ImageObject\",\"inLanguage\":\"fr-FR\",\"@id\":\"https:\/\/www.geektrip.ma\/trip\/produit\/ascension-du-kilimanjaro-5895m-en-tanzanie\/#primaryimage\",\"url\":\"https:\/\/www.geektrip.ma\/trip\/wp-content\/uploads\/2023\/01\/43506481792_bfb588233d_k.jpg?v=1673830841\",\"contentUrl\":\"https:\/\/www.geektrip.ma\/trip\/wp-content\/uploads\/2023\/01\/43506481792_bfb588233d_k.jpg?v=1673830841\",\"width\":2048,\"height\":1365},{\"@type\":\"BreadcrumbList\",\"@id\":\"https:\/\/www.geektrip.ma\/trip\/produit\/ascension-du-kilimanjaro-5895m-en-tanzanie\/#breadcrumb\",\"itemListElement\":[{\"@type\":\"ListItem\",\"position\":1,\"name\":\"Accueil\",\"item\":\"https:\/\/www.geektrip.ma\/trip\/\"},{\"@type\":\"ListItem\",\"position\":2,\"name\":\"R\u00e9servation&#8230;\",\"item\":\"https:\/\/www.geektrip.ma\/trip\/boutique\/\"},{\"@type\":\"ListItem\",\"position\":3,\"name\":\"Ascension du Kilimanjaro (5895m) en Tanzanie\"}]},{\"@type\":\"WebSite\",\"@id\":\"https:\/\/www.geektrip.ma\/trip\/#website\",\"url\":\"https:\/\/www.geektrip.ma\/trip\/\",\"name\":\"GEEKTRIP\",\"description\":\"Enjoy Morocco\",\"publisher\":{\"@id\":\"https:\/\/www.geektrip.ma\/trip\/#organization\"},\"potentialAction\":[{\"@type\":\"SearchAction\",\"target\":{\"@type\":\"EntryPoint\",\"urlTemplate\":\"https:\/\/www.geektrip.ma\/trip\/?s={search_term_string}\"},\"query-input\":\"required name=search_term_string\"}],\"inLanguage\":\"fr-FR\"},{\"@type\":\"Organization\",\"@id\":\"https:\/\/www.geektrip.ma\/trip\/#organization\",\"name\":\"GEEKTRIP\",\"url\":\"https:\/\/www.geektrip.ma\/trip\/\",\"logo\":{\"@type\":\"ImageObject\",\"inLanguage\":\"fr-FR\",\"@id\":\"https:\/\/www.geektrip.ma\/trip\/#\/schema\/logo\/image\/\",\"url\":\"https:\/\/www.geektrip.ma\/trip\/wp-content\/uploads\/2017\/03\/logogeektripsite.png\",\"contentUrl\":\"https:\/\/www.geektrip.ma\/trip\/wp-content\/uploads\/2017\/03\/logogeektripsite.png\",\"width\":200,\"height\":60,\"caption\":\"GEEKTRIP\"},\"image\":{\"@id\":\"https:\/\/www.geektrip.ma\/trip\/#\/schema\/logo\/image\/\"},\"sameAs\":[\"http:\/\/www.facebook.com\/geektrip.ma\",\"http:\/\/www.instagram.com\/geektrip\"]}]}<\/script>\n<!-- \/ Yoast SEO plugin. -->","yoast_head_json":{"title":"Ascension du Kilimanjaro (5895m) en Tanzanie - GEEKTRIP","robots":{"index":"index","follow":"follow","max-snippet":"max-snippet:-1","max-image-preview":"max-image-preview:large","max-video-preview":"max-video-preview:-1"},"canonical":"https:\/\/www.geektrip.ma\/trip\/produit\/ascension-du-kilimanjaro-5895m-en-tanzanie\/","og_locale":"fr_FR","og_type":"article","og_title":"Ascension du Kilimanjaro (5895m) en Tanzanie - GEEKTRIP","og_description":"GEEKTRIP vous accompagne durant cette magnifique aventure, avec l\u2019assistance d\u2019une \u00e9quipe professionnelle de guides, porteurs, cuisiniers\u2026 pour vous faire vivre une exp\u00e9rience que vous ne serez pas pr\u00eat \u00e0 oublier. Revenir au programme","og_url":"https:\/\/www.geektrip.ma\/trip\/produit\/ascension-du-kilimanjaro-5895m-en-tanzanie\/","og_site_name":"GEEKTRIP","article_publisher":"http:\/\/www.facebook.com\/geektrip.ma","article_modified_time":"2023-05-06T05:24:11+00:00","og_image":[{"width":2048,"height":1365,"url":"https:\/\/www.geektrip.ma\/trip\/wp-content\/uploads\/2023\/01\/43506481792_bfb588233d_k.jpg?v=1673830841","type":"image\/jpeg"}],"twitter_card":"summary_large_image","schema":{"@context":"https:\/\/schema.org","@graph":[{"@type":"WebPage","@id":"https:\/\/www.geektrip.ma\/trip\/produit\/ascension-du-kilimanjaro-5895m-en-tanzanie\/","url":"https:\/\/www.geektrip.ma\/trip\/produit\/ascension-du-kilimanjaro-5895m-en-tanzanie\/","name":"Ascension du Kilimanjaro (5895m) en Tanzanie - GEEKTRIP","isPartOf":{"@id":"https:\/\/www.geektrip.ma\/trip\/#website"},"primaryImageOfPage":{"@id":"https:\/\/www.geektrip.ma\/trip\/produit\/ascension-du-kilimanjaro-5895m-en-tanzanie\/#primaryimage"},"image":{"@id":"https:\/\/www.geektrip.ma\/trip\/produit\/ascension-du-kilimanjaro-5895m-en-tanzanie\/#primaryimage"},"thumbnailUrl":"https:\/\/www.geektrip.ma\/trip\/wp-content\/uploads\/2023\/01\/43506481792_bfb588233d_k.jpg?v=1673830841","datePublished":"2023-01-16T17:27:07+00:00","dateModified":"2023-05-06T05:24:11+00:00","breadcrumb":{"@id":"https:\/\/www.geektrip.ma\/trip\/produit\/ascension-du-kilimanjaro-5895m-en-tanzanie\/#breadcrumb"},"inLanguage":"fr-FR","potentialAction":[{"@type":"ReadAction","target":["https:\/\/www.geektrip.ma\/trip\/produit\/ascension-du-kilimanjaro-5895m-en-tanzanie\/"]}]},{"@type":"ImageObject","inLanguage":"fr-FR","@id":"https:\/\/www.geektrip.ma\/trip\/produit\/ascension-du-kilimanjaro-5895m-en-tanzanie\/#primaryimage","url":"https:\/\/www.geektrip.ma\/trip\/wp-content\/uploads\/2023\/01\/43506481792_bfb588233d_k.jpg?v=1673830841","contentUrl":"https:\/\/www.geektrip.ma\/trip\/wp-content\/uploads\/2023\/01\/43506481792_bfb588233d_k.jpg?v=1673830841","width":2048,"height":1365},{"@type":"BreadcrumbList","@id":"https:\/\/www.geektrip.ma\/trip\/produit\/ascension-du-kilimanjaro-5895m-en-tanzanie\/#breadcrumb","itemListElement":[{"@type":"ListItem","position":1,"name":"Accueil","item":"https:\/\/www.geektrip.ma\/trip\/"},{"@type":"ListItem","position":2,"name":"R\u00e9servation&#8230;","item":"https:\/\/www.geektrip.ma\/trip\/boutique\/"},{"@type":"ListItem","position":3,"name":"Ascension du Kilimanjaro (5895m) en Tanzanie"}]},{"@type":"WebSite","@id":"https:\/\/www.geektrip.ma\/trip\/#website","url":"https:\/\/www.geektrip.ma\/trip\/","name":"GEEKTRIP","description":"Enjoy Morocco","publisher":{"@id":"https:\/\/www.geektrip.ma\/trip\/#organization"},"potentialAction":[{"@type":"SearchAction","target":{"@type":"EntryPoint","urlTemplate":"https:\/\/www.geektrip.ma\/trip\/?s={search_term_string}"},"query-input":"required name=search_term_string"}],"inLanguage":"fr-FR"},{"@type":"Organization","@id":"https:\/\/www.geektrip.ma\/trip\/#organization","name":"GEEKTRIP","url":"https:\/\/www.geektrip.ma\/trip\/","logo":{"@type":"ImageObject","inLanguage":"fr-FR","@id":"https:\/\/www.geektrip.ma\/trip\/#\/schema\/logo\/image\/","url":"https:\/\/www.geektrip.ma\/trip\/wp-content\/uploads\/2017\/03\/logogeektripsite.png","contentUrl":"https:\/\/www.geektrip.ma\/trip\/wp-content\/uploads\/2017\/03\/logogeektripsite.png","width":200,"height":60,"caption":"GEEKTRIP"},"image":{"@id":"https:\/\/www.geektrip.ma\/trip\/#\/schema\/logo\/image\/"},"sameAs":["http:\/\/www.facebook.com\/geektrip.ma","http:\/\/www.instagram.com\/geektrip"]}]}},"_links":{"self":[{"href":"https:\/\/www.geektrip.ma\/trip\/wp-json\/wp\/v2\/product\/63641","targetHints":{"allow":["GET"]}}],"collection":[{"href":"https:\/\/www.geektrip.ma\/trip\/wp-json\/wp\/v2\/product"}],"about":[{"href":"https:\/\/www.geektrip.ma\/trip\/wp-json\/wp\/v2\/types\/product"}],"replies":[{"embeddable":true,"href":"https:\/\/www.geektrip.ma\/trip\/wp-json\/wp\/v2\/comments?post=63641"}],"version-history":[{"count":1,"href":"https:\/\/www.geektrip.ma\/trip\/wp-json\/wp\/v2\/product\/63641\/revisions"}],"predecessor-version":[{"id":63644,"href":"https:\/\/www.geektrip.ma\/trip\/wp-json\/wp\/v2\/product\/63641\/revisions\/63644"}],"wp:featuredmedia":[{"embeddable":true,"href":"https:\/\/www.geektrip.ma\/trip\/wp-json\/wp\/v2\/media\/63608"}],"wp:attachment":[{"href":"https:\/\/www.geektrip.ma\/trip\/wp-json\/wp\/v2\/media?parent=63641"}],"wp:term":[{"taxonomy":"product_cat","embeddable":true,"href":"https:\/\/www.geektrip.ma\/trip\/wp-json\/wp\/v2\/product_cat?post=63641"},{"taxonomy":"product_tag","embeddable":true,"href":"https:\/\/www.geektrip.ma\/trip\/wp-json\/wp\/v2\/product_tag?post=63641"}],"curies":[{"name":"wp","href":"https:\/\/api.w.org\/{rel}","templated":true}]}}