{"id":86,"date":"2016-12-10T07:14:56","date_gmt":"2016-12-10T07:14:56","guid":{"rendered":"https:\/\/www.geektrip.ma\/trip\/?page_id=86"},"modified":"2020-06-17T13:38:19","modified_gmt":"2020-06-17T13:38:19","slug":"blog","status":"publish","type":"page","link":"https:\/\/www.geektrip.ma\/trip\/blog\/","title":{"rendered":"Le Blog"},"content":{"rendered":"<div  class=\"one withsmallpadding ppb_header withbg \" style=\"background-color: #000000;  background-image:url(https:\/\/www.geektrip.ma\/trip\/wp-content\/uploads\/2020\/06\/refuge-caf-toubkal-1.jpg);background-position: center center;text-align:left;padding:55px 0 55px 0;color:#ffffff;margin-bottom:40px;\" >\n<div class=\"overlay_background\" style=\"background:#000000;background:rgb(0,0,0,0.05);background:rgba(0,0,0,0.05);\"><\/div>\n<div class=\"standard_wrapper\">\n<div class=\"page_content_wrapper\">\n<div class=\"inner\">\n<div style=\"margin:auto;width:85%\">\n<h2 class=\"ppb_title\" style=\"color:#ffffff;\">\u00c0 LA UNE<\/h2>\n<div class=\"page_tagline\" style=\"color:#ffffff;\">Quel refuge choisir \u00e0 Toubkal, CAF ou Mouflons ? <\/div>\n<div class=\"ppb_header_content\">\n<p>Envie d&rsquo;atteindre le sommet Toubkal ? Maintes sont les questions qui viennent \u00e0 votre esprit au sujet de votre h\u00e9bergement?<\/p>\n<p style=\"text-align: left;\"><a class=\"button small \" onclick=\"window.open('https:\/\/www.geektrip.ma\/trip\/quel-refuge-choisir-caf-ou-mouflons-toubkal\/', '_self')\">Lire l&rsquo;article<\/a>\n<\/div>\n<\/div>\n<\/div>\n<\/div>\n<\/div>\n<\/div>\n","protected":false},"excerpt":{"rendered":"<p>\u00c0 LA UNE Quel refuge choisir \u00e0 Toubkal, CAF ou Mouflons ? Envie d&rsquo;atteindre le sommet Toubkal ? Maintes sont les questions qui viennent \u00e0 votre esprit au sujet de votre h\u00e9bergement? Lire l&rsquo;article<\/p>\n","protected":false},"author":1,"featured_media":0,"parent":0,"menu_order":0,"comment_status":"closed","ping_status":"closed","template":"blog_gls.php","meta":{"footnotes":""},"class_list":["post-86","page","type-page","status-publish","hentry"],"yoast_head":"<!-- This site is optimized with the Yoast SEO plugin v23.2 - https:\/\/yoast.com\/wordpress\/plugins\/seo\/ -->\n<title>Le Blog - GEEKTRIP<\/title>\n<meta name=\"robots\" content=\"index, follow, max-snippet:-1, max-image-preview:large, max-video-preview:-1\" \/>\n<link rel=\"canonical\" href=\"https:\/\/www.geektrip.ma\/trip\/blog\/\" \/>\n<meta property=\"og:locale\" content=\"fr_FR\" \/>\n<meta property=\"og:type\" content=\"article\" \/>\n<meta property=\"og:title\" content=\"Le Blog - GEEKTRIP\" \/>\n<meta property=\"og:description\" content=\"\u00c0 LA UNE Quel refuge choisir \u00e0 Toubkal, CAF ou Mouflons ? Envie d&rsquo;atteindre le sommet Toubkal ? Maintes sont les questions qui viennent \u00e0 votre esprit au sujet de votre h\u00e9bergement? Lire l&rsquo;article\" \/>\n<meta property=\"og:url\" content=\"https:\/\/www.geektrip.ma\/trip\/blog\/\" \/>\n<meta property=\"og:site_name\" content=\"GEEKTRIP\" \/>\n<meta property=\"article:publisher\" content=\"http:\/\/www.facebook.com\/geektrip.ma\" \/>\n<meta property=\"article:modified_time\" content=\"2020-06-17T13:38:19+00:00\" \/>\n<meta name=\"twitter:card\" content=\"summary_large_image\" \/>\n<script type=\"application\/ld+json\" class=\"yoast-schema-graph\">{\"@context\":\"https:\/\/schema.org\",\"@graph\":[{\"@type\":\"WebPage\",\"@id\":\"https:\/\/www.geektrip.ma\/trip\/blog\/\",\"url\":\"https:\/\/www.geektrip.ma\/trip\/blog\/\",\"name\":\"Le Blog - GEEKTRIP\",\"isPartOf\":{\"@id\":\"https:\/\/www.geektrip.ma\/trip\/#website\"},\"datePublished\":\"2016-12-10T07:14:56+00:00\",\"dateModified\":\"2020-06-17T13:38:19+00:00\",\"breadcrumb\":{\"@id\":\"https:\/\/www.geektrip.ma\/trip\/blog\/#breadcrumb\"},\"inLanguage\":\"fr-FR\",\"potentialAction\":[{\"@type\":\"ReadAction\",\"target\":[\"https:\/\/www.geektrip.ma\/trip\/blog\/\"]}]},{\"@type\":\"BreadcrumbList\",\"@id\":\"https:\/\/www.geektrip.ma\/trip\/blog\/#breadcrumb\",\"itemListElement\":[{\"@type\":\"ListItem\",\"position\":1,\"name\":\"Accueil\",\"item\":\"https:\/\/www.geektrip.ma\/trip\/\"},{\"@type\":\"ListItem\",\"position\":2,\"name\":\"Le Blog\"}]},{\"@type\":\"WebSite\",\"@id\":\"https:\/\/www.geektrip.ma\/trip\/#website\",\"url\":\"https:\/\/www.geektrip.ma\/trip\/\",\"name\":\"GEEKTRIP\",\"description\":\"Enjoy Morocco\",\"publisher\":{\"@id\":\"https:\/\/www.geektrip.ma\/trip\/#organization\"},\"potentialAction\":[{\"@type\":\"SearchAction\",\"target\":{\"@type\":\"EntryPoint\",\"urlTemplate\":\"https:\/\/www.geektrip.ma\/trip\/?s={search_term_string}\"},\"query-input\":\"required name=search_term_string\"}],\"inLanguage\":\"fr-FR\"},{\"@type\":\"Organization\",\"@id\":\"https:\/\/www.geektrip.ma\/trip\/#organization\",\"name\":\"GEEKTRIP\",\"url\":\"https:\/\/www.geektrip.ma\/trip\/\",\"logo\":{\"@type\":\"ImageObject\",\"inLanguage\":\"fr-FR\",\"@id\":\"https:\/\/www.geektrip.ma\/trip\/#\/schema\/logo\/image\/\",\"url\":\"https:\/\/www.geektrip.ma\/trip\/wp-content\/uploads\/2017\/03\/logogeektripsite.png\",\"contentUrl\":\"https:\/\/www.geektrip.ma\/trip\/wp-content\/uploads\/2017\/03\/logogeektripsite.png\",\"width\":200,\"height\":60,\"caption\":\"GEEKTRIP\"},\"image\":{\"@id\":\"https:\/\/www.geektrip.ma\/trip\/#\/schema\/logo\/image\/\"},\"sameAs\":[\"http:\/\/www.facebook.com\/geektrip.ma\",\"http:\/\/www.instagram.com\/geektrip\"]}]}<\/script>\n<!-- \/ Yoast SEO plugin. -->","yoast_head_json":{"title":"Le Blog - GEEKTRIP","robots":{"index":"index","follow":"follow","max-snippet":"max-snippet:-1","max-image-preview":"max-image-preview:large","max-video-preview":"max-video-preview:-1"},"canonical":"https:\/\/www.geektrip.ma\/trip\/blog\/","og_locale":"fr_FR","og_type":"article","og_title":"Le Blog - GEEKTRIP","og_description":"\u00c0 LA UNE Quel refuge choisir \u00e0 Toubkal, CAF ou Mouflons ? Envie d&rsquo;atteindre le sommet Toubkal ? Maintes sont les questions qui viennent \u00e0 votre esprit au sujet de votre h\u00e9bergement? Lire l&rsquo;article","og_url":"https:\/\/www.geektrip.ma\/trip\/blog\/","og_site_name":"GEEKTRIP","article_publisher":"http:\/\/www.facebook.com\/geektrip.ma","article_modified_time":"2020-06-17T13:38:19+00:00","twitter_card":"summary_large_image","schema":{"@context":"https:\/\/schema.org","@graph":[{"@type":"WebPage","@id":"https:\/\/www.geektrip.ma\/trip\/blog\/","url":"https:\/\/www.geektrip.ma\/trip\/blog\/","name":"Le Blog - GEEKTRIP","isPartOf":{"@id":"https:\/\/www.geektrip.ma\/trip\/#website"},"datePublished":"2016-12-10T07:14:56+00:00","dateModified":"2020-06-17T13:38:19+00:00","breadcrumb":{"@id":"https:\/\/www.geektrip.ma\/trip\/blog\/#breadcrumb"},"inLanguage":"fr-FR","potentialAction":[{"@type":"ReadAction","target":["https:\/\/www.geektrip.ma\/trip\/blog\/"]}]},{"@type":"BreadcrumbList","@id":"https:\/\/www.geektrip.ma\/trip\/blog\/#breadcrumb","itemListElement":[{"@type":"ListItem","position":1,"name":"Accueil","item":"https:\/\/www.geektrip.ma\/trip\/"},{"@type":"ListItem","position":2,"name":"Le Blog"}]},{"@type":"WebSite","@id":"https:\/\/www.geektrip.ma\/trip\/#website","url":"https:\/\/www.geektrip.ma\/trip\/","name":"GEEKTRIP","description":"Enjoy Morocco","publisher":{"@id":"https:\/\/www.geektrip.ma\/trip\/#organization"},"potentialAction":[{"@type":"SearchAction","target":{"@type":"EntryPoint","urlTemplate":"https:\/\/www.geektrip.ma\/trip\/?s={search_term_string}"},"query-input":"required name=search_term_string"}],"inLanguage":"fr-FR"},{"@type":"Organization","@id":"https:\/\/www.geektrip.ma\/trip\/#organization","name":"GEEKTRIP","url":"https:\/\/www.geektrip.ma\/trip\/","logo":{"@type":"ImageObject","inLanguage":"fr-FR","@id":"https:\/\/www.geektrip.ma\/trip\/#\/schema\/logo\/image\/","url":"https:\/\/www.geektrip.ma\/trip\/wp-content\/uploads\/2017\/03\/logogeektripsite.png","contentUrl":"https:\/\/www.geektrip.ma\/trip\/wp-content\/uploads\/2017\/03\/logogeektripsite.png","width":200,"height":60,"caption":"GEEKTRIP"},"image":{"@id":"https:\/\/www.geektrip.ma\/trip\/#\/schema\/logo\/image\/"},"sameAs":["http:\/\/www.facebook.com\/geektrip.ma","http:\/\/www.instagram.com\/geektrip"]}]}},"_links":{"self":[{"href":"https:\/\/www.geektrip.ma\/trip\/wp-json\/wp\/v2\/pages\/86","targetHints":{"allow":["GET"]}}],"collection":[{"href":"https:\/\/www.geektrip.ma\/trip\/wp-json\/wp\/v2\/pages"}],"about":[{"href":"https:\/\/www.geektrip.ma\/trip\/wp-json\/wp\/v2\/types\/page"}],"author":[{"embeddable":true,"href":"https:\/\/www.geektrip.ma\/trip\/wp-json\/wp\/v2\/users\/1"}],"replies":[{"embeddable":true,"href":"https:\/\/www.geektrip.ma\/trip\/wp-json\/wp\/v2\/comments?post=86"}],"version-history":[{"count":37,"href":"https:\/\/www.geektrip.ma\/trip\/wp-json\/wp\/v2\/pages\/86\/revisions"}],"predecessor-version":[{"id":56726,"href":"https:\/\/www.geektrip.ma\/trip\/wp-json\/wp\/v2\/pages\/86\/revisions\/56726"}],"wp:attachment":[{"href":"https:\/\/www.geektrip.ma\/trip\/wp-json\/wp\/v2\/media?parent=86"}],"curies":[{"name":"wp","href":"https:\/\/api.w.org\/{rel}","templated":true}]}}