{"id":3090,"date":"2016-12-27T07:46:07","date_gmt":"2016-12-27T07:46:07","guid":{"rendered":"https:\/\/www.geektrip.ma\/trip\/?page_id=3090"},"modified":"2020-06-04T15:08:10","modified_gmt":"2020-06-04T15:08:10","slug":"contact-us","status":"publish","type":"page","link":"https:\/\/www.geektrip.ma\/trip\/contact-us\/","title":{"rendered":"NOUS CONTACTER"},"content":{"rendered":"<div  class=\"one withsmallpadding ppb_text\" style=\"text-align:center;padding:0px 0 0px 0;margin-top:20px;\" >\n<div class=\"standard_wrapper\">\n<div class=\"page_content_wrapper\">\n<div class=\"inner\">\n<div style=\"margin:auto;width:80%\">\n<h4 class=\"p1\">Vous pouvez joindre l&rsquo;\u00e9quipe GEEKTRIP pour toutes questions ou demandes d&rsquo;informations par t\u00e9l\u00e9phone ou par email, vous trouvez ci-dessous nos coordonn\u00e9es<\/h4>\n<div style=\"margin-top: 30px;\">\n<div class=\"social_wrapper shortcode dark \">\n<ul>\n<li class=\"facebook\"><a target=\"_blank\" title=\"Facebook\" href=\"http:\/\/www.facebook.com\/geektrip.ma\" rel=\"noopener noreferrer\"><i class=\"fa fa-facebook\"><\/i><\/a><\/li>\n<li class=\"youtube\"><a target=\"_blank\" title=\"Youtube\" href=\"http:\/\/www.youtube.com\/geektripma\" rel=\"noopener noreferrer\"><i class=\"fa fa-youtube\"><\/i><\/a><\/li>\n<li class=\"instagram\"><a target=\"_blank\" title=\"Instagram\" href=\"https:\/\/instagram.com\/geektrip\" rel=\"noopener noreferrer\"><i class=\"fa fa-instagram\"><\/i><\/a><\/li>\n<\/ul>\n<\/div>\n<\/div>\n<\/div>\n<\/div>\n<\/div>\n<\/div>\n<\/div>\n<div  class=\"one withsmallpadding ppb_text\" style=\"text-align:left;padding:0px 0 0px 0;margin-bottom:60px;\" >\n<div class=\"standard_wrapper\">\n<div class=\"page_content_wrapper\">\n<div class=\"inner\">\n<div style=\"margin:auto;width:60%\">\n<div role=\"form\" class=\"wpcf7\" id=\"wpcf7-f3075-o1\" lang=\"en-US\" dir=\"ltr\">\n<div class=\"screen-reader-response\" aria-live=\"polite\"><\/div>\n<form action=\"\/trip\/wp-admin\/post.php#wpcf7-f3075-o1\" method=\"post\" class=\"wpcf7-form\" novalidate=\"novalidate\">\n<div style=\"display: none;\">\n<input type=\"hidden\" name=\"_wpcf7\" value=\"3075\" \/><br \/>\n<input type=\"hidden\" name=\"_wpcf7_version\" value=\"5.1.9\" \/><br \/>\n<input type=\"hidden\" name=\"_wpcf7_locale\" value=\"en_US\" \/><br \/>\n<input type=\"hidden\" name=\"_wpcf7_unit_tag\" value=\"wpcf7-f3075-o1\" \/><br \/>\n<input type=\"hidden\" name=\"_wpcf7_container_post\" value=\"0\" \/>\n<\/div>\n<p><label> Nom complet<br \/>\n    <span class=\"wpcf7-form-control-wrap your-name\"><input type=\"text\" name=\"your-name\" value=\"\" size=\"40\" class=\"wpcf7-form-control wpcf7-text wpcf7-validates-as-required\" aria-required=\"true\" aria-invalid=\"false\" placeholder=\"Simo\" \/><\/span> <\/label><\/p>\n<p><label> Votre email<br \/>\n    <span class=\"wpcf7-form-control-wrap your-email\"><input type=\"email\" name=\"your-email\" value=\"\" size=\"40\" class=\"wpcf7-form-control wpcf7-text wpcf7-email wpcf7-validates-as-required wpcf7-validates-as-email\" aria-required=\"true\" aria-invalid=\"false\" placeholder=\"exemple@gmail.com\" \/><\/span> <\/label><\/p>\n<p><label> Num\u00e9ro de t\u00e9l\u00e9phone<br \/>\n<span class=\"wpcf7-form-control-wrap tel-729\"><input type=\"tel\" name=\"tel-729\" value=\"\" size=\"40\" class=\"wpcf7-form-control wpcf7-text wpcf7-tel wpcf7-validates-as-required wpcf7-validates-as-tel\" aria-required=\"true\" aria-invalid=\"false\" placeholder=\"06633252..\" \/><\/span> <\/label><\/p>\n<p><label> Nombre de personnes<br \/>\n<span class=\"wpcf7-form-control-wrap text-237\"><input type=\"text\" name=\"text-237\" value=\"\" size=\"40\" class=\"wpcf7-form-control wpcf7-text\" aria-invalid=\"false\" placeholder=\"1 person\" \/><\/span> <\/label><\/p>\n<p><label> Votre Message<br \/>\n<span class=\"wpcf7-form-control-wrap Votremessage\"><textarea name=\"Votremessage\" cols=\"40\" rows=\"10\" class=\"wpcf7-form-control wpcf7-textarea\" aria-invalid=\"false\"><\/textarea><\/span><\/p>\n<p><input type=\"submit\" value=\"Envoyer\" class=\"wpcf7-form-control wpcf7-submit\" \/><\/p>\n<div class=\"wpcf7-response-output wpcf7-display-none\" aria-hidden=\"true\"><\/div>\n<\/form>\n<\/div>\n<\/div>\n<\/div>\n<\/div>\n<\/div>\n<\/div>\n<div  class=\"one_half_bg withsmallpadding ppb_text_image withbg parallax \" style=\"font-size:18px;background-image:url(https:\/\/www.geektrip.ma\/trip\/wp-content\/uploads\/2020\/06\/rdzgeektrip.jpg);background-position: center center;text-align:center;padding:100px 0 100px 0;color:#ffffff !important;\" >\n<div class=\"overlay_background\" style=\"background:#000000;background:rgb(0,0,0,0.3);background:rgba(0,0,0,0.3);\"><\/div>\n<div class=\"page_content_wrapper\">\n<div class=\"inner\">\n<div style=\"margin:auto;width:100%\">\n<h2 style=\"color: #fff;\">Rida EL ALAOUI<\/h2>\n<p>Casablanca, Maroc<br \/>\nT\u00e9l\u00e9phone : +212 (0) 663 325 247<br \/>\nEmail : a.reda@geektrip.ma<\/p>\n<\/div>\n<\/div>\n<\/div>\n<\/div>\n<div  class=\"one_half_bg last withsmallpadding ppb_text_image withbg parallax \" style=\"font-size:18px;background-image:url(https:\/\/www.geektrip.ma\/trip\/wp-content\/uploads\/2020\/06\/sdzgeektrip2.jpg);background-position: center center;text-align:center;padding:100px 0 100px 0;color:#ffffff !important;\" >\n<div class=\"overlay_background\" style=\"background:#000000;background:rgb(0,0,0,0.3);background:rgba(0,0,0,0.3);\"><\/div>\n<div class=\"page_content_wrapper\">\n<div class=\"inner\">\n<div style=\"margin:auto;width:100%\">\n<h2 style=\"color: #fff;\">Said MALIKI<\/h2>\n<p>Rabat, Maroc<br \/>\nT\u00e9l\u00e9phone : +212 (0) 615 328 915<br \/>\nEmail : said@geektrip.ma<\/p>\n<\/div>\n<\/div>\n<\/div>\n<\/div>\n","protected":false},"excerpt":{"rendered":"<p>Vous pouvez joindre l&rsquo;\u00e9quipe GEEKTRIP pour toutes questions ou demandes d&rsquo;informations par t\u00e9l\u00e9phone ou par email, vous trouvez ci-dessous nos coordonn\u00e9es Nom complet Votre email Num\u00e9ro de t\u00e9l\u00e9phone Nombre de personnes Votre Message Rida EL ALAOUI Casablanca, Maroc T\u00e9l\u00e9phone : [&hellip;]<\/p>\n","protected":false},"author":1,"featured_media":22554,"parent":0,"menu_order":0,"comment_status":"closed","ping_status":"closed","template":"","meta":{"footnotes":""},"class_list":["post-3090","page","type-page","status-publish","has-post-thumbnail","hentry"],"yoast_head":"<!-- This site is optimized with the Yoast SEO plugin v23.2 - https:\/\/yoast.com\/wordpress\/plugins\/seo\/ -->\n<title>NOUS CONTACTER - GEEKTRIP<\/title>\n<meta name=\"robots\" content=\"index, follow, max-snippet:-1, max-image-preview:large, max-video-preview:-1\" \/>\n<link rel=\"canonical\" href=\"https:\/\/www.geektrip.ma\/trip\/contact-us\/\" \/>\n<meta property=\"og:locale\" content=\"fr_FR\" \/>\n<meta property=\"og:type\" content=\"article\" \/>\n<meta property=\"og:title\" content=\"NOUS CONTACTER - GEEKTRIP\" \/>\n<meta property=\"og:description\" content=\"Vous pouvez joindre l&rsquo;\u00e9quipe GEEKTRIP pour toutes questions ou demandes d&rsquo;informations par t\u00e9l\u00e9phone ou par email, vous trouvez ci-dessous nos coordonn\u00e9es Nom complet Votre email Num\u00e9ro de t\u00e9l\u00e9phone Nombre de personnes Votre Message Rida EL ALAOUI Casablanca, Maroc T\u00e9l\u00e9phone : [&hellip;]\" \/>\n<meta property=\"og:url\" content=\"https:\/\/www.geektrip.ma\/trip\/contact-us\/\" \/>\n<meta property=\"og:site_name\" content=\"GEEKTRIP\" \/>\n<meta property=\"article:publisher\" content=\"http:\/\/www.facebook.com\/geektrip.ma\" \/>\n<meta property=\"article:modified_time\" content=\"2020-06-04T15:08:10+00:00\" \/>\n<meta property=\"og:image\" content=\"https:\/\/www.geektrip.ma\/trip\/wp-content\/uploads\/2019\/04\/49717444_2198047053552425_1133466123094720512_o.jpg\" \/>\n\t<meta property=\"og:image:width\" content=\"1500\" \/>\n\t<meta property=\"og:image:height\" content=\"1000\" \/>\n\t<meta property=\"og:image:type\" content=\"image\/jpeg\" \/>\n<meta name=\"twitter:card\" content=\"summary_large_image\" \/>\n<script type=\"application\/ld+json\" class=\"yoast-schema-graph\">{\"@context\":\"https:\/\/schema.org\",\"@graph\":[{\"@type\":\"WebPage\",\"@id\":\"https:\/\/www.geektrip.ma\/trip\/contact-us\/\",\"url\":\"https:\/\/www.geektrip.ma\/trip\/contact-us\/\",\"name\":\"NOUS CONTACTER - GEEKTRIP\",\"isPartOf\":{\"@id\":\"https:\/\/www.geektrip.ma\/trip\/#website\"},\"primaryImageOfPage\":{\"@id\":\"https:\/\/www.geektrip.ma\/trip\/contact-us\/#primaryimage\"},\"image\":{\"@id\":\"https:\/\/www.geektrip.ma\/trip\/contact-us\/#primaryimage\"},\"thumbnailUrl\":\"https:\/\/www.geektrip.ma\/trip\/wp-content\/uploads\/2019\/04\/49717444_2198047053552425_1133466123094720512_o.jpg\",\"datePublished\":\"2016-12-27T07:46:07+00:00\",\"dateModified\":\"2020-06-04T15:08:10+00:00\",\"breadcrumb\":{\"@id\":\"https:\/\/www.geektrip.ma\/trip\/contact-us\/#breadcrumb\"},\"inLanguage\":\"fr-FR\",\"potentialAction\":[{\"@type\":\"ReadAction\",\"target\":[\"https:\/\/www.geektrip.ma\/trip\/contact-us\/\"]}]},{\"@type\":\"ImageObject\",\"inLanguage\":\"fr-FR\",\"@id\":\"https:\/\/www.geektrip.ma\/trip\/contact-us\/#primaryimage\",\"url\":\"https:\/\/www.geektrip.ma\/trip\/wp-content\/uploads\/2019\/04\/49717444_2198047053552425_1133466123094720512_o.jpg\",\"contentUrl\":\"https:\/\/www.geektrip.ma\/trip\/wp-content\/uploads\/2019\/04\/49717444_2198047053552425_1133466123094720512_o.jpg\",\"width\":1500,\"height\":1000},{\"@type\":\"BreadcrumbList\",\"@id\":\"https:\/\/www.geektrip.ma\/trip\/contact-us\/#breadcrumb\",\"itemListElement\":[{\"@type\":\"ListItem\",\"position\":1,\"name\":\"Accueil\",\"item\":\"https:\/\/www.geektrip.ma\/trip\/\"},{\"@type\":\"ListItem\",\"position\":2,\"name\":\"NOUS CONTACTER\"}]},{\"@type\":\"WebSite\",\"@id\":\"https:\/\/www.geektrip.ma\/trip\/#website\",\"url\":\"https:\/\/www.geektrip.ma\/trip\/\",\"name\":\"GEEKTRIP\",\"description\":\"Enjoy Morocco\",\"publisher\":{\"@id\":\"https:\/\/www.geektrip.ma\/trip\/#organization\"},\"potentialAction\":[{\"@type\":\"SearchAction\",\"target\":{\"@type\":\"EntryPoint\",\"urlTemplate\":\"https:\/\/www.geektrip.ma\/trip\/?s={search_term_string}\"},\"query-input\":\"required name=search_term_string\"}],\"inLanguage\":\"fr-FR\"},{\"@type\":\"Organization\",\"@id\":\"https:\/\/www.geektrip.ma\/trip\/#organization\",\"name\":\"GEEKTRIP\",\"url\":\"https:\/\/www.geektrip.ma\/trip\/\",\"logo\":{\"@type\":\"ImageObject\",\"inLanguage\":\"fr-FR\",\"@id\":\"https:\/\/www.geektrip.ma\/trip\/#\/schema\/logo\/image\/\",\"url\":\"https:\/\/www.geektrip.ma\/trip\/wp-content\/uploads\/2017\/03\/logogeektripsite.png\",\"contentUrl\":\"https:\/\/www.geektrip.ma\/trip\/wp-content\/uploads\/2017\/03\/logogeektripsite.png\",\"width\":200,\"height\":60,\"caption\":\"GEEKTRIP\"},\"image\":{\"@id\":\"https:\/\/www.geektrip.ma\/trip\/#\/schema\/logo\/image\/\"},\"sameAs\":[\"http:\/\/www.facebook.com\/geektrip.ma\",\"http:\/\/www.instagram.com\/geektrip\"]}]}<\/script>\n<!-- \/ Yoast SEO plugin. -->","yoast_head_json":{"title":"NOUS CONTACTER - GEEKTRIP","robots":{"index":"index","follow":"follow","max-snippet":"max-snippet:-1","max-image-preview":"max-image-preview:large","max-video-preview":"max-video-preview:-1"},"canonical":"https:\/\/www.geektrip.ma\/trip\/contact-us\/","og_locale":"fr_FR","og_type":"article","og_title":"NOUS CONTACTER - GEEKTRIP","og_description":"Vous pouvez joindre l&rsquo;\u00e9quipe GEEKTRIP pour toutes questions ou demandes d&rsquo;informations par t\u00e9l\u00e9phone ou par email, vous trouvez ci-dessous nos coordonn\u00e9es Nom complet Votre email Num\u00e9ro de t\u00e9l\u00e9phone Nombre de personnes Votre Message Rida EL ALAOUI Casablanca, Maroc T\u00e9l\u00e9phone : [&hellip;]","og_url":"https:\/\/www.geektrip.ma\/trip\/contact-us\/","og_site_name":"GEEKTRIP","article_publisher":"http:\/\/www.facebook.com\/geektrip.ma","article_modified_time":"2020-06-04T15:08:10+00:00","og_image":[{"width":1500,"height":1000,"url":"https:\/\/www.geektrip.ma\/trip\/wp-content\/uploads\/2019\/04\/49717444_2198047053552425_1133466123094720512_o.jpg","type":"image\/jpeg"}],"twitter_card":"summary_large_image","schema":{"@context":"https:\/\/schema.org","@graph":[{"@type":"WebPage","@id":"https:\/\/www.geektrip.ma\/trip\/contact-us\/","url":"https:\/\/www.geektrip.ma\/trip\/contact-us\/","name":"NOUS CONTACTER - GEEKTRIP","isPartOf":{"@id":"https:\/\/www.geektrip.ma\/trip\/#website"},"primaryImageOfPage":{"@id":"https:\/\/www.geektrip.ma\/trip\/contact-us\/#primaryimage"},"image":{"@id":"https:\/\/www.geektrip.ma\/trip\/contact-us\/#primaryimage"},"thumbnailUrl":"https:\/\/www.geektrip.ma\/trip\/wp-content\/uploads\/2019\/04\/49717444_2198047053552425_1133466123094720512_o.jpg","datePublished":"2016-12-27T07:46:07+00:00","dateModified":"2020-06-04T15:08:10+00:00","breadcrumb":{"@id":"https:\/\/www.geektrip.ma\/trip\/contact-us\/#breadcrumb"},"inLanguage":"fr-FR","potentialAction":[{"@type":"ReadAction","target":["https:\/\/www.geektrip.ma\/trip\/contact-us\/"]}]},{"@type":"ImageObject","inLanguage":"fr-FR","@id":"https:\/\/www.geektrip.ma\/trip\/contact-us\/#primaryimage","url":"https:\/\/www.geektrip.ma\/trip\/wp-content\/uploads\/2019\/04\/49717444_2198047053552425_1133466123094720512_o.jpg","contentUrl":"https:\/\/www.geektrip.ma\/trip\/wp-content\/uploads\/2019\/04\/49717444_2198047053552425_1133466123094720512_o.jpg","width":1500,"height":1000},{"@type":"BreadcrumbList","@id":"https:\/\/www.geektrip.ma\/trip\/contact-us\/#breadcrumb","itemListElement":[{"@type":"ListItem","position":1,"name":"Accueil","item":"https:\/\/www.geektrip.ma\/trip\/"},{"@type":"ListItem","position":2,"name":"NOUS CONTACTER"}]},{"@type":"WebSite","@id":"https:\/\/www.geektrip.ma\/trip\/#website","url":"https:\/\/www.geektrip.ma\/trip\/","name":"GEEKTRIP","description":"Enjoy Morocco","publisher":{"@id":"https:\/\/www.geektrip.ma\/trip\/#organization"},"potentialAction":[{"@type":"SearchAction","target":{"@type":"EntryPoint","urlTemplate":"https:\/\/www.geektrip.ma\/trip\/?s={search_term_string}"},"query-input":"required name=search_term_string"}],"inLanguage":"fr-FR"},{"@type":"Organization","@id":"https:\/\/www.geektrip.ma\/trip\/#organization","name":"GEEKTRIP","url":"https:\/\/www.geektrip.ma\/trip\/","logo":{"@type":"ImageObject","inLanguage":"fr-FR","@id":"https:\/\/www.geektrip.ma\/trip\/#\/schema\/logo\/image\/","url":"https:\/\/www.geektrip.ma\/trip\/wp-content\/uploads\/2017\/03\/logogeektripsite.png","contentUrl":"https:\/\/www.geektrip.ma\/trip\/wp-content\/uploads\/2017\/03\/logogeektripsite.png","width":200,"height":60,"caption":"GEEKTRIP"},"image":{"@id":"https:\/\/www.geektrip.ma\/trip\/#\/schema\/logo\/image\/"},"sameAs":["http:\/\/www.facebook.com\/geektrip.ma","http:\/\/www.instagram.com\/geektrip"]}]}},"_links":{"self":[{"href":"https:\/\/www.geektrip.ma\/trip\/wp-json\/wp\/v2\/pages\/3090","targetHints":{"allow":["GET"]}}],"collection":[{"href":"https:\/\/www.geektrip.ma\/trip\/wp-json\/wp\/v2\/pages"}],"about":[{"href":"https:\/\/www.geektrip.ma\/trip\/wp-json\/wp\/v2\/types\/page"}],"author":[{"embeddable":true,"href":"https:\/\/www.geektrip.ma\/trip\/wp-json\/wp\/v2\/users\/1"}],"replies":[{"embeddable":true,"href":"https:\/\/www.geektrip.ma\/trip\/wp-json\/wp\/v2\/comments?post=3090"}],"version-history":[{"count":11,"href":"https:\/\/www.geektrip.ma\/trip\/wp-json\/wp\/v2\/pages\/3090\/revisions"}],"predecessor-version":[{"id":56480,"href":"https:\/\/www.geektrip.ma\/trip\/wp-json\/wp\/v2\/pages\/3090\/revisions\/56480"}],"wp:featuredmedia":[{"embeddable":true,"href":"https:\/\/www.geektrip.ma\/trip\/wp-json\/wp\/v2\/media\/22554"}],"wp:attachment":[{"href":"https:\/\/www.geektrip.ma\/trip\/wp-json\/wp\/v2\/media?parent=3090"}],"curies":[{"name":"wp","href":"https:\/\/api.w.org\/{rel}","templated":true}]}}