{"id":2465,"date":"2016-12-24T04:38:09","date_gmt":"2016-12-24T04:38:09","guid":{"rendered":"https:\/\/www.geektrip.ma\/trip\/?page_id=2465"},"modified":"2017-06-09T00:10:40","modified_gmt":"2017-06-09T00:10:40","slug":"about-us","status":"publish","type":"page","link":"https:\/\/www.geektrip.ma\/trip\/about-us\/","title":{"rendered":"A PROPOS"},"content":{"rendered":"<div  class=\"one withsmallpadding ppb_header_youtube withbg parallax\"  style=\"text-align:left;padding:30px 0 30px 0;\" >\n<div class=\"overlay_background\" style=\"background:#000000;background:rgb(0,0,0,1);background:rgba(0,0,0,1);\"><\/div>\n<div class=\"standard_wrapper\">\n<div class=\"page_content_wrapper\">\n<div class=\"inner\">\n<div style=\"margin:auto;width:100%\">\n<h2 class=\"ppb_title\" style=\"\">We Enjoy Morocco<\/h2>\n<\/div>\n<\/div>\n<\/div>\n<\/div>\n<\/div>\n<div  class=\"one withsmallpadding ppb_header \" style=\"text-align:left;padding:30px 0 30px 0;\" >\n<div class=\"standard_wrapper\">\n<div class=\"page_content_wrapper\">\n<div class=\"inner\">\n<div style=\"margin:auto;width:100%\">\n<h2 class=\"ppb_title\" style=\"\">QUI SOMMES-NOUS ?<\/h2>\n<div class=\"ppb_header_content\">\n<p style=\"text-align: left;\"><a style=\"color: #0088cc;\" href=\"http:\/\/geektrip.ma\/\"><img decoding=\"async\" class=\"image-logo alignleft\" src=\"http:\/\/geektrip.ma\/images\/logogt.png\" alt=\"\" width=\"105\" height=\"105\" \/><\/a>Le club Geektrip a \u00e9t\u00e9 fond\u00e9 en Novembre 2011 par deux jeunes marocains qui ont eu l\u2019id\u00e9e de r\u00e9unir les geeks du web autour d\u2019un concept favorisant le contact humain, le sens du challenge, le fun et la d\u00e9couverte, tout en donnant naissance \u00e0 de nouveaux Geeks, des Geeks de voyages, des geeks de l\u2019aventure&#8230;<\/p>\n<div class=\"animate_counter_wrapper\">Plus que<\/p>\n<div id=\"1496967040796008145\" class=\"odometer\" style=\"font-size:px;line-height:px;\">20000<\/div>\n<div class=\"count_separator\"><span><\/span><\/div>\n<div class=\"counter_subject\">de fans sur Facebook !<\/div>\n<\/div>\n<\/div>\n<\/div>\n<\/div>\n<\/div>\n<\/div>\n<\/div>\n<div  class=\"one withsmallpadding ppb_header \" style=\"text-align:left;padding:30px 0 30px 0;\" >\n<div class=\"standard_wrapper\">\n<div class=\"page_content_wrapper\">\n<div class=\"inner\">\n<div style=\"margin:auto;width:100%\">\n<h2 class=\"ppb_title\" style=\"\">GEEKTRIP TEAM MEMBERS<\/h2>\n<\/div>\n<\/div>\n<\/div>\n<\/div>\n<\/div>\n<div class=\"standard_wrapper\">\n<div  class=\"one_half withsmallpadding ppb_text\" style=\"text-align:left;padding:30px 0 30px 0;\" >\n<div class=\"standard_wrapper\">\n<div class=\"page_content_wrapper\">\n<div class=\"inner\">\n<div style=\"margin:auto;width:100%\">\n<p><a href=\"https:\/\/www.geektrip.ma\/trip\/wp-content\/uploads\/2016\/12\/reda.png\"><img decoding=\"async\" class=\"wp-image-3576 alignleft\" src=\"https:\/\/www.geektrip.ma\/trip\/wp-content\/uploads\/2016\/12\/reda.png\" alt=\"\" width=\"127\" height=\"127\" \/><\/a><\/p>\n<h3 class=\"p1\" style=\"text-align: left;\"><span class=\"s1\"><b style=\"font-weight: bold !important;\">Rida ELALAOUI<\/b><\/span><br \/>\n<span style=\"color: #ffcc00;\"><em>Fondateur<\/em><\/span><br \/>\nVideo Maker.<\/h3>\n<hr \/>\n<p class=\"p1\" style=\"text-align: left;\">Suivez Rida sur :<a href=\"https:\/\/www.facebook.com\/elalaoui.reda\"><img decoding=\"async\" class=\"alignright\" title=\"Facebook logo free icon\" src=\"https:\/\/image.flaticon.com\/icons\/svg\/61\/61045.svg\" alt=\"Facebook logo free icon\" width=\"23\" height=\"23\" \/><\/a>\u00a0<a href=\"http:\/\/www.instagram.com\/rediam\"><img loading=\"lazy\" decoding=\"async\" class=\"alignright\" title=\"Instagram logo free icon\" src=\"https:\/\/image.flaticon.com\/icons\/svg\/1\/1394.svg\" alt=\"Instagram logo free icon\" width=\"23\" height=\"25\" \/><\/a><\/p>\n<\/div>\n<\/div>\n<\/div>\n<\/div>\n<\/div>\n<\/div>\n<div class=\"standard_wrapper\">\n<div  class=\"one_half last withsmallpadding ppb_text\" style=\"text-align:left;padding:30px 0 30px 0;\" >\n<div class=\"standard_wrapper\">\n<div class=\"page_content_wrapper\">\n<div class=\"inner\">\n<div style=\"margin:auto;width:100%\">\n<p><a href=\"https:\/\/www.geektrip.ma\/trip\/wp-content\/uploads\/2016\/12\/said.png\"><img loading=\"lazy\" decoding=\"async\" class=\"wp-image-3580 alignleft\" src=\"https:\/\/www.geektrip.ma\/trip\/wp-content\/uploads\/2016\/12\/said.png\" alt=\"\" width=\"127\" height=\"127\" \/><\/a><\/p>\n<h3 class=\"p1\" style=\"text-align: left;\"><b>Said Maliki<\/b><br \/>\n<span style=\"color: #ffcc00;\"><em>Co-Fondateur<\/em><\/span><br \/>\nPhotographer.<\/h3>\n<hr \/>\n<p class=\"p1\" style=\"text-align: left;\"><a href=\"https:\/\/www.facebook.com\/said.maliki\"><img decoding=\"async\" class=\"alignright\" title=\"Facebook logo free icon\" src=\"https:\/\/image.flaticon.com\/icons\/svg\/61\/61045.svg\" alt=\"Facebook logo free icon\" width=\"23\" height=\"23\" \/><\/a>\u00a0Suivez Said sur :<a href=\"https:\/\/www.instagram.com\/smaliki\/\"><img loading=\"lazy\" decoding=\"async\" class=\"alignright\" title=\"Instagram logo free icon\" src=\"https:\/\/image.flaticon.com\/icons\/svg\/1\/1394.svg\" alt=\"Instagram logo free icon\" width=\"23\" height=\"25\" \/><\/a><\/p>\n<\/div>\n<\/div>\n<\/div>\n<\/div>\n<\/div>\n<\/div>\n<div  class=\"one withsmallpadding ppb_contact_half_bg \" style=\"padding:30px 0 30px 0;\" >\n<div class=\"standard_wrapper\">\n<div class=\"page_content_wrapper\">\n<div class=\"inner\">\n<div class=\"one_half_bg floatright\" style=\"background:#000000;background:rgb(0,0,0,1);background:rgba(0,0,0,1);\" >\n<h2 class=\"ppb_title\" style=\"\">Nous contacter<\/h2>\n<div class=\"contact_form7_wrapper\"><p class=\"wpcf7-contact-form-not-found\"><strong>Erreur\u00a0:<\/strong> Formulaire de contact non trouv\u00e9\u00a0!<\/p><\/div>\n<\/div>\n<\/div>\n<\/div>\n<\/div>\n<\/div>\n<\/div>\n","protected":false},"excerpt":{"rendered":"<p>We Enjoy Morocco QUI SOMMES-NOUS ? Le club Geektrip a \u00e9t\u00e9 fond\u00e9 en Novembre 2011 par deux jeunes marocains qui ont eu l\u2019id\u00e9e de r\u00e9unir les geeks du web autour d\u2019un concept favorisant le contact humain, le sens du challenge, [&hellip;]<\/p>\n","protected":false},"author":1,"featured_media":0,"parent":0,"menu_order":0,"comment_status":"closed","ping_status":"closed","template":"","meta":{"footnotes":""},"class_list":["post-2465","page","type-page","status-publish","hentry"],"yoast_head":"<!-- This site is optimized with the Yoast SEO plugin v23.2 - https:\/\/yoast.com\/wordpress\/plugins\/seo\/ -->\n<title>A PROPOS - GEEKTRIP<\/title>\n<meta name=\"robots\" content=\"index, follow, max-snippet:-1, max-image-preview:large, max-video-preview:-1\" \/>\n<link rel=\"canonical\" href=\"https:\/\/www.geektrip.ma\/trip\/about-us\/\" \/>\n<meta property=\"og:locale\" content=\"fr_FR\" \/>\n<meta property=\"og:type\" content=\"article\" \/>\n<meta property=\"og:title\" content=\"A PROPOS - GEEKTRIP\" \/>\n<meta property=\"og:description\" content=\"We Enjoy Morocco QUI SOMMES-NOUS ? Le club Geektrip a \u00e9t\u00e9 fond\u00e9 en Novembre 2011 par deux jeunes marocains qui ont eu l\u2019id\u00e9e de r\u00e9unir les geeks du web autour d\u2019un concept favorisant le contact humain, le sens du challenge, [&hellip;]\" \/>\n<meta property=\"og:url\" content=\"https:\/\/www.geektrip.ma\/trip\/about-us\/\" \/>\n<meta property=\"og:site_name\" content=\"GEEKTRIP\" \/>\n<meta property=\"article:publisher\" content=\"http:\/\/www.facebook.com\/geektrip.ma\" \/>\n<meta property=\"article:modified_time\" content=\"2017-06-09T00:10:40+00:00\" \/>\n<meta property=\"og:image\" content=\"http:\/\/geektrip.ma\/images\/logogt.png\" \/>\n<meta name=\"twitter:card\" content=\"summary_large_image\" \/>\n<script type=\"application\/ld+json\" class=\"yoast-schema-graph\">{\"@context\":\"https:\/\/schema.org\",\"@graph\":[{\"@type\":\"WebPage\",\"@id\":\"https:\/\/www.geektrip.ma\/trip\/about-us\/\",\"url\":\"https:\/\/www.geektrip.ma\/trip\/about-us\/\",\"name\":\"A PROPOS - GEEKTRIP\",\"isPartOf\":{\"@id\":\"https:\/\/www.geektrip.ma\/trip\/#website\"},\"primaryImageOfPage\":{\"@id\":\"https:\/\/www.geektrip.ma\/trip\/about-us\/#primaryimage\"},\"image\":{\"@id\":\"https:\/\/www.geektrip.ma\/trip\/about-us\/#primaryimage\"},\"thumbnailUrl\":\"http:\/\/geektrip.ma\/images\/logogt.png\",\"datePublished\":\"2016-12-24T04:38:09+00:00\",\"dateModified\":\"2017-06-09T00:10:40+00:00\",\"breadcrumb\":{\"@id\":\"https:\/\/www.geektrip.ma\/trip\/about-us\/#breadcrumb\"},\"inLanguage\":\"fr-FR\",\"potentialAction\":[{\"@type\":\"ReadAction\",\"target\":[\"https:\/\/www.geektrip.ma\/trip\/about-us\/\"]}]},{\"@type\":\"ImageObject\",\"inLanguage\":\"fr-FR\",\"@id\":\"https:\/\/www.geektrip.ma\/trip\/about-us\/#primaryimage\",\"url\":\"http:\/\/geektrip.ma\/images\/logogt.png\",\"contentUrl\":\"http:\/\/geektrip.ma\/images\/logogt.png\"},{\"@type\":\"BreadcrumbList\",\"@id\":\"https:\/\/www.geektrip.ma\/trip\/about-us\/#breadcrumb\",\"itemListElement\":[{\"@type\":\"ListItem\",\"position\":1,\"name\":\"Accueil\",\"item\":\"https:\/\/www.geektrip.ma\/trip\/\"},{\"@type\":\"ListItem\",\"position\":2,\"name\":\"A PROPOS\"}]},{\"@type\":\"WebSite\",\"@id\":\"https:\/\/www.geektrip.ma\/trip\/#website\",\"url\":\"https:\/\/www.geektrip.ma\/trip\/\",\"name\":\"GEEKTRIP\",\"description\":\"Enjoy Morocco\",\"publisher\":{\"@id\":\"https:\/\/www.geektrip.ma\/trip\/#organization\"},\"potentialAction\":[{\"@type\":\"SearchAction\",\"target\":{\"@type\":\"EntryPoint\",\"urlTemplate\":\"https:\/\/www.geektrip.ma\/trip\/?s={search_term_string}\"},\"query-input\":\"required name=search_term_string\"}],\"inLanguage\":\"fr-FR\"},{\"@type\":\"Organization\",\"@id\":\"https:\/\/www.geektrip.ma\/trip\/#organization\",\"name\":\"GEEKTRIP\",\"url\":\"https:\/\/www.geektrip.ma\/trip\/\",\"logo\":{\"@type\":\"ImageObject\",\"inLanguage\":\"fr-FR\",\"@id\":\"https:\/\/www.geektrip.ma\/trip\/#\/schema\/logo\/image\/\",\"url\":\"https:\/\/www.geektrip.ma\/trip\/wp-content\/uploads\/2017\/03\/logogeektripsite.png\",\"contentUrl\":\"https:\/\/www.geektrip.ma\/trip\/wp-content\/uploads\/2017\/03\/logogeektripsite.png\",\"width\":200,\"height\":60,\"caption\":\"GEEKTRIP\"},\"image\":{\"@id\":\"https:\/\/www.geektrip.ma\/trip\/#\/schema\/logo\/image\/\"},\"sameAs\":[\"http:\/\/www.facebook.com\/geektrip.ma\",\"http:\/\/www.instagram.com\/geektrip\"]}]}<\/script>\n<!-- \/ Yoast SEO plugin. -->","yoast_head_json":{"title":"A PROPOS - GEEKTRIP","robots":{"index":"index","follow":"follow","max-snippet":"max-snippet:-1","max-image-preview":"max-image-preview:large","max-video-preview":"max-video-preview:-1"},"canonical":"https:\/\/www.geektrip.ma\/trip\/about-us\/","og_locale":"fr_FR","og_type":"article","og_title":"A PROPOS - GEEKTRIP","og_description":"We Enjoy Morocco QUI SOMMES-NOUS ? Le club Geektrip a \u00e9t\u00e9 fond\u00e9 en Novembre 2011 par deux jeunes marocains qui ont eu l\u2019id\u00e9e de r\u00e9unir les geeks du web autour d\u2019un concept favorisant le contact humain, le sens du challenge, [&hellip;]","og_url":"https:\/\/www.geektrip.ma\/trip\/about-us\/","og_site_name":"GEEKTRIP","article_publisher":"http:\/\/www.facebook.com\/geektrip.ma","article_modified_time":"2017-06-09T00:10:40+00:00","og_image":[{"url":"http:\/\/geektrip.ma\/images\/logogt.png"}],"twitter_card":"summary_large_image","schema":{"@context":"https:\/\/schema.org","@graph":[{"@type":"WebPage","@id":"https:\/\/www.geektrip.ma\/trip\/about-us\/","url":"https:\/\/www.geektrip.ma\/trip\/about-us\/","name":"A PROPOS - GEEKTRIP","isPartOf":{"@id":"https:\/\/www.geektrip.ma\/trip\/#website"},"primaryImageOfPage":{"@id":"https:\/\/www.geektrip.ma\/trip\/about-us\/#primaryimage"},"image":{"@id":"https:\/\/www.geektrip.ma\/trip\/about-us\/#primaryimage"},"thumbnailUrl":"http:\/\/geektrip.ma\/images\/logogt.png","datePublished":"2016-12-24T04:38:09+00:00","dateModified":"2017-06-09T00:10:40+00:00","breadcrumb":{"@id":"https:\/\/www.geektrip.ma\/trip\/about-us\/#breadcrumb"},"inLanguage":"fr-FR","potentialAction":[{"@type":"ReadAction","target":["https:\/\/www.geektrip.ma\/trip\/about-us\/"]}]},{"@type":"ImageObject","inLanguage":"fr-FR","@id":"https:\/\/www.geektrip.ma\/trip\/about-us\/#primaryimage","url":"http:\/\/geektrip.ma\/images\/logogt.png","contentUrl":"http:\/\/geektrip.ma\/images\/logogt.png"},{"@type":"BreadcrumbList","@id":"https:\/\/www.geektrip.ma\/trip\/about-us\/#breadcrumb","itemListElement":[{"@type":"ListItem","position":1,"name":"Accueil","item":"https:\/\/www.geektrip.ma\/trip\/"},{"@type":"ListItem","position":2,"name":"A PROPOS"}]},{"@type":"WebSite","@id":"https:\/\/www.geektrip.ma\/trip\/#website","url":"https:\/\/www.geektrip.ma\/trip\/","name":"GEEKTRIP","description":"Enjoy Morocco","publisher":{"@id":"https:\/\/www.geektrip.ma\/trip\/#organization"},"potentialAction":[{"@type":"SearchAction","target":{"@type":"EntryPoint","urlTemplate":"https:\/\/www.geektrip.ma\/trip\/?s={search_term_string}"},"query-input":"required name=search_term_string"}],"inLanguage":"fr-FR"},{"@type":"Organization","@id":"https:\/\/www.geektrip.ma\/trip\/#organization","name":"GEEKTRIP","url":"https:\/\/www.geektrip.ma\/trip\/","logo":{"@type":"ImageObject","inLanguage":"fr-FR","@id":"https:\/\/www.geektrip.ma\/trip\/#\/schema\/logo\/image\/","url":"https:\/\/www.geektrip.ma\/trip\/wp-content\/uploads\/2017\/03\/logogeektripsite.png","contentUrl":"https:\/\/www.geektrip.ma\/trip\/wp-content\/uploads\/2017\/03\/logogeektripsite.png","width":200,"height":60,"caption":"GEEKTRIP"},"image":{"@id":"https:\/\/www.geektrip.ma\/trip\/#\/schema\/logo\/image\/"},"sameAs":["http:\/\/www.facebook.com\/geektrip.ma","http:\/\/www.instagram.com\/geektrip"]}]}},"_links":{"self":[{"href":"https:\/\/www.geektrip.ma\/trip\/wp-json\/wp\/v2\/pages\/2465","targetHints":{"allow":["GET"]}}],"collection":[{"href":"https:\/\/www.geektrip.ma\/trip\/wp-json\/wp\/v2\/pages"}],"about":[{"href":"https:\/\/www.geektrip.ma\/trip\/wp-json\/wp\/v2\/types\/page"}],"author":[{"embeddable":true,"href":"https:\/\/www.geektrip.ma\/trip\/wp-json\/wp\/v2\/users\/1"}],"replies":[{"embeddable":true,"href":"https:\/\/www.geektrip.ma\/trip\/wp-json\/wp\/v2\/comments?post=2465"}],"version-history":[{"count":0,"href":"https:\/\/www.geektrip.ma\/trip\/wp-json\/wp\/v2\/pages\/2465\/revisions"}],"wp:attachment":[{"href":"https:\/\/www.geektrip.ma\/trip\/wp-json\/wp\/v2\/media?parent=2465"}],"curies":[{"name":"wp","href":"https:\/\/api.w.org\/{rel}","templated":true}]}}